{"id":131,"date":"2018-12-08T14:19:32","date_gmt":"2018-12-08T13:19:32","guid":{"rendered":"http:\/\/frantvodka.com\/?page_id=131"},"modified":"2024-06-20T15:04:49","modified_gmt":"2024-06-20T13:04:49","slug":"strona-glowna","status":"publish","type":"page","link":"https:\/\/frant.pl\/pl\/","title":{"rendered":"Strona g\u0142\u00f3wna"},"content":{"rendered":"\n<p>Frant to efekt podr\u00f3\u017cy po Polsce w&nbsp;poszukiwaniu najciekawszych pomys\u0142\u00f3w na wysokiej jako\u015bci alkohole. Odwiedzaj\u0105c niewielkie, rodzinne gorzelnie, rozmawiaj\u0105c z&nbsp;dostawcami i&nbsp;szperaj\u0105c w&nbsp;archiwalnych recepturach doszli\u015bmy do wniosku, \u017ce to co najciekawsze w&nbsp;\u015bwiecie polskiej w\u00f3dki i&nbsp;alkoholi rzadko ma szans\u0119 trafi\u0107 do odbiorc\u00f3w w&nbsp;Polsce i&nbsp;zagranic\u0105. <\/p>\n\n\n\n<p>Postanowili\u015bmy tchn\u0105\u0107 nowe \u017cycie w&nbsp;\u015bwiat \u201cpolskiej w\u00f3dki\u201d i&nbsp;pokaza\u0107, jak wsp\u00f3\u0142cze\u015bnie mo\u017ce ona smakowa\u0107 i&nbsp;wygl\u0105da\u0107.<\/p>\n","protected":false},"excerpt":{"rendered":"<p>Frant to efekt podr\u00f3\u017cy po Polsce w&nbsp;poszukiwaniu najciekawszych pomys\u0142\u00f3w na wysokiej jako\u015bci alkohole. Odwiedzaj\u0105c niewielkie, rodzinne gorzelnie, rozmawiaj\u0105c z&nbsp;dostawcami i&nbsp;szperaj\u0105c w&nbsp;archiwalnych recepturach doszli\u015bmy do wniosku, \u017ce to co najciekawsze w&nbsp;\u015bwiecie polskiej w\u00f3dki i&nbsp;alkoholi rzadko ma szans\u0119 trafi\u0107 do odbiorc\u00f3w w&nbsp;Polsce i&nbsp;zagranic\u0105. Postanowili\u015bmy tchn\u0105\u0107 nowe \u017cycie w&nbsp;\u015bwiat \u201cpolskiej w\u00f3dki\u201d i&nbsp;pokaza\u0107, jak wsp\u00f3\u0142cze\u015bnie mo\u017ce ona smakowa\u0107 i&nbsp;wygl\u0105da\u0107.<\/p>\n","protected":false},"author":1,"featured_media":446,"parent":0,"menu_order":0,"comment_status":"closed","ping_status":"closed","template":"page-templates\/home.php","meta":[],"_links":{"self":[{"href":"https:\/\/frant.pl\/pl\/wp-json\/wp\/v2\/pages\/131\/"}],"collection":[{"href":"https:\/\/frant.pl\/pl\/wp-json\/wp\/v2\/pages\/"}],"about":[{"href":"https:\/\/frant.pl\/pl\/wp-json\/wp\/v2\/types\/page\/"}],"author":[{"embeddable":true,"href":"https:\/\/frant.pl\/pl\/wp-json\/wp\/v2\/users\/1\/"}],"replies":[{"embeddable":true,"href":"https:\/\/frant.pl\/pl\/wp-json\/wp\/v2\/comments\/?post=131"}],"version-history":[{"count":84,"href":"https:\/\/frant.pl\/pl\/wp-json\/wp\/v2\/pages\/131\/revisions\/"}],"predecessor-version":[{"id":502,"href":"https:\/\/frant.pl\/pl\/wp-json\/wp\/v2\/pages\/131\/revisions\/502\/"}],"wp:featuredmedia":[{"embeddable":true,"href":"https:\/\/frant.pl\/pl\/wp-json\/wp\/v2\/media\/446\/"}],"wp:attachment":[{"href":"https:\/\/frant.pl\/pl\/wp-json\/wp\/v2\/media\/?parent=131"}],"curies":[{"name":"wp","href":"https:\/\/api.w.org\/{rel}","templated":true}]}}