{"id":127,"date":"2019-01-23T09:52:04","date_gmt":"2019-01-23T08:52:04","guid":{"rendered":"http:\/\/frantvodka.com\/?page_id=127"},"modified":"2020-01-27T12:19:42","modified_gmt":"2020-01-27T11:19:42","slug":"bramka-wieku","status":"publish","type":"page","link":"https:\/\/frant.pl\/pl\/bramka-wieku\/","title":{"rendered":"Bramka wieku"},"content":{"rendered":"\n<p>Klikaj\u0105c WCHODZ\u0118 potwierdzasz, \u017ce uko\u0144czy\u0142e\u015b\/ukonczy\u0142a\u015b 18 lat. <\/p>\n","protected":false},"excerpt":{"rendered":"<p>Klikaj\u0105c WCHODZ\u0118 potwierdzasz, \u017ce uko\u0144czy\u0142e\u015b\/ukonczy\u0142a\u015b 18 lat.<\/p>\n","protected":false},"author":1,"featured_media":0,"parent":0,"menu_order":0,"comment_status":"closed","ping_status":"closed","template":"","meta":[],"_links":{"self":[{"href":"https:\/\/frant.pl\/pl\/wp-json\/wp\/v2\/pages\/127\/"}],"collection":[{"href":"https:\/\/frant.pl\/pl\/wp-json\/wp\/v2\/pages\/"}],"about":[{"href":"https:\/\/frant.pl\/pl\/wp-json\/wp\/v2\/types\/page\/"}],"author":[{"embeddable":true,"href":"https:\/\/frant.pl\/pl\/wp-json\/wp\/v2\/users\/1\/"}],"replies":[{"embeddable":true,"href":"https:\/\/frant.pl\/pl\/wp-json\/wp\/v2\/comments\/?post=127"}],"version-history":[{"count":2,"href":"https:\/\/frant.pl\/pl\/wp-json\/wp\/v2\/pages\/127\/revisions\/"}],"predecessor-version":[{"id":375,"href":"https:\/\/frant.pl\/pl\/wp-json\/wp\/v2\/pages\/127\/revisions\/375\/"}],"wp:attachment":[{"href":"https:\/\/frant.pl\/pl\/wp-json\/wp\/v2\/media\/?parent=127"}],"curies":[{"name":"wp","href":"https:\/\/api.w.org\/{rel}","templated":true}]}}